{"id":1132,"date":"2025-06-25T12:23:25","date_gmt":"2025-06-25T12:23:25","guid":{"rendered":"https:\/\/gardenview.atplanet.de\/imprint\/"},"modified":"2025-10-07T16:25:43","modified_gmt":"2025-10-07T16:25:43","slug":"imprint","status":"publish","type":"page","link":"https:\/\/gardenview09.de\/en\/imprint\/","title":{"rendered":"Imprint"},"content":{"rendered":"\t\t<div data-elementor-type=\"wp-page\" data-elementor-id=\"1132\" class=\"elementor elementor-1132 elementor-825\" data-elementor-post-type=\"page\">\n\t\t\t\t<div class=\"elementor-element elementor-element-78a58314 e-flex e-con-boxed e-con e-parent\" data-id=\"78a58314\" data-element_type=\"container\" data-e-type=\"container\" data-settings=\"{&quot;background_background&quot;:&quot;classic&quot;}\">\n\t\t\t\t\t<div class=\"e-con-inner\">\n\t\t\t\t<div class=\"elementor-element elementor-element-35201691 elementor-widget elementor-widget-heading\" data-id=\"35201691\" data-element_type=\"widget\" data-e-type=\"widget\" data-widget_type=\"heading.default\">\n\t\t\t\t<div class=\"elementor-widget-container\">\n\t\t\t\t\t<h1 class=\"elementor-heading-title elementor-size-default\">Imprint<\/h1>\t\t\t\t<\/div>\n\t\t\t\t<\/div>\n\t\t\t\t\t<\/div>\n\t\t\t\t<\/div>\n\t\t<div class=\"elementor-element elementor-element-5bcb6b20 e-flex e-con-boxed e-con e-parent\" data-id=\"5bcb6b20\" data-element_type=\"container\" data-e-type=\"container\" data-settings=\"{&quot;background_background&quot;:&quot;classic&quot;}\">\n\t\t\t\t\t<div class=\"e-con-inner\">\n\t\t<div class=\"elementor-element elementor-element-2f358d86 e-con-full e-flex e-con e-child\" data-id=\"2f358d86\" data-element_type=\"container\" data-e-type=\"container\">\n\t\t\t\t<div class=\"elementor-element elementor-element-1a53a13 elementor-widget elementor-widget-icon-box\" data-id=\"1a53a13\" data-element_type=\"widget\" data-e-type=\"widget\" data-widget_type=\"icon-box.default\">\n\t\t\t\t<div class=\"elementor-widget-container\">\n\t\t\t\t\t\t\t<div class=\"elementor-icon-box-wrapper\">\n\n\t\t\t\n\t\t\t\t\t\t<div class=\"elementor-icon-box-content\">\n\n\t\t\t\t\t\t\t\t\t<h2 class=\"elementor-icon-box-title\">\n\t\t\t\t\t\t<span  >\n\t\t\t\t\t\t\tImprint\t\t\t\t\t\t<\/span>\n\t\t\t\t\t<\/h2>\n\t\t\t\t\n\t\t\t\t\n\t\t\t<\/div>\n\t\t\t\n\t\t<\/div>\n\t\t\t\t\t\t<\/div>\n\t\t\t\t<\/div>\n\t\t\t\t<div class=\"elementor-element elementor-element-75bfe603 elementor-widget elementor-widget-text-editor\" data-id=\"75bfe603\" data-element_type=\"widget\" data-e-type=\"widget\" data-widget_type=\"text-editor.default\">\n\t\t\t\t<div class=\"elementor-widget-container\">\n\t\t\t\t\t\t\t\t\tStefan Schl\u00fcter\nHeckenweg 9\n53639 K\u00f6nigswinter\n<h4>Contact us<\/h4>\nE-mail: <a href=\"mailto:&#107;&#111;nta&#107;t&#64;&#103;&#97;r&#100;env&#105;e&#119;&#48;9&#46;d&#101;\" title=\"&#107;&#111;nta&#107;t&#64;&#103;&#97;r&#100;env&#105;e&#119;&#48;9&#46;d&#101;\">&#107;&#111;nta&#107;t&#64;&#103;&#97;r&#100;env&#105;e&#119;&#48;9&#46;d&#101;<\/a>\n<h4>Editorial responsibility<\/h4>\nStefan Schl\u00fcter\n\n<strong>Photo Credit:<\/strong><strong>\n<\/strong>\n<ul>\n \t<li>Blick vom \u00d6lberg \u00fcber das Rheintal bis zur Eifel \u2013 Foto: Moramaso, Wikimedia Commons, CC\u202fBY\u2011SA 4.0<\/li>\n \t<li>Schloss Drachenburg bei Sonnenuntergang \u2013 Foto: Joerg\u202fKel, Wikimedia Commons, CC\u202fBY\u2011SA 4.0<\/li>\n \t<li>Milchh\u00e4uschen (Luftaufnahme) \u2013 Foto: Wolkenkratzer, Wikimedia Commons, CC\u202fBY\u2011SA 3.0<\/li>\n \t<li>Milchh\u00e4uschen (Wandergastst\u00e4tte) \u2013 Foto: Oliver Bremm \/ Rhein\u2011Sieg Tourismus, CC\u202fBY\u2011SA<\/li>\n \t<li>Blick vom Petersberg auf Drachenfels und Schloss Drachenburg \u2013 Foto: Christian\u202fFeldmar, Wikimedia Commons, CC\u202fBY\u2011SA 4.0<\/li>\n \t<li>Blick vom Petersberg auf das Rheintal (Ruine Drachenfels &amp; Schloss Drachenburg) \u2013 Foto: T\u00farelio, Wikimedia Commons, CC\u202fBY\u2011SA 2.5<\/li>\n \t<li>Stenzelberg \u2013 Plateau mit Uml\u00e4ufer \u2013 Foto: GreylanderPhotography, Wikimedia Commons, CC\u202fBY\u2011SA 4.0<\/li>\n<\/ul>\t\t\t\t\t\t\t\t<\/div>\n\t\t\t\t<\/div>\n\t\t\t\t<\/div>\n\t\t\t\t\t<\/div>\n\t\t\t\t<\/div>\n\t\t\t\t<\/div>\n\t\t","protected":false},"excerpt":{"rendered":"<p>Imprint Imprint Stefan Schl\u00fcter Heckenweg 9 53639 K\u00f6nigswinter Contact us E-mail: Editorial responsibility Stefan Schl\u00fcter Photo Credit: Blick vom \u00d6lberg [&hellip;]<\/p>\n","protected":false},"author":2,"featured_media":0,"parent":0,"menu_order":0,"comment_status":"closed","ping_status":"closed","template":"","meta":{"_acf_changed":false,"site-sidebar-layout":"no-sidebar","site-content-layout":"","ast-site-content-layout":"full-width-container","site-content-style":"default","site-sidebar-style":"default","ast-global-header-display":"","ast-banner-title-visibility":"","ast-main-header-display":"","ast-hfb-above-header-display":"","ast-hfb-below-header-display":"","ast-hfb-mobile-header-display":"","site-post-title":"disabled","ast-breadcrumbs-content":"","ast-featured-img":"disabled","footer-sml-layout":"","theme-transparent-header-meta":"default","adv-header-id-meta":"","stick-header-meta":"","header-above-stick-meta":"","header-main-stick-meta":"","header-below-stick-meta":"","astra-migrate-meta-layouts":"default","ast-page-background-enabled":"default","ast-page-background-meta":{"desktop":{"background-color":"var(--ast-global-color-5)","background-image":"","background-repeat":"repeat","background-position":"center center","background-size":"auto","background-attachment":"scroll","background-type":"","background-media":"","overlay-type":"","overlay-color":"","overlay-opacity":"","overlay-gradient":""},"tablet":{"background-color":"","background-image":"","background-repeat":"repeat","background-position":"center center","background-size":"auto","background-attachment":"scroll","background-type":"","background-media":"","overlay-type":"","overlay-color":"","overlay-opacity":"","overlay-gradient":""},"mobile":{"background-color":"","background-image":"","background-repeat":"repeat","background-position":"center center","background-size":"auto","background-attachment":"scroll","background-type":"","background-media":"","overlay-type":"","overlay-color":"","overlay-opacity":"","overlay-gradient":""}},"ast-content-background-meta":{"desktop":{"background-color":"var(--ast-global-color-4)","background-image":"","background-repeat":"repeat","background-position":"center center","background-size":"auto","background-attachment":"scroll","background-type":"","background-media":"","overlay-type":"","overlay-color":"","overlay-opacity":"","overlay-gradient":""},"tablet":{"background-color":"var(--ast-global-color-4)","background-image":"","background-repeat":"repeat","background-position":"center center","background-size":"auto","background-attachment":"scroll","background-type":"","background-media":"","overlay-type":"","overlay-color":"","overlay-opacity":"","overlay-gradient":""},"mobile":{"background-color":"var(--ast-global-color-4)","background-image":"","background-repeat":"repeat","background-position":"center center","background-size":"auto","background-attachment":"scroll","background-type":"","background-media":"","overlay-type":"","overlay-color":"","overlay-opacity":"","overlay-gradient":""}},"iawp_total_views":6,"footnotes":""},"class_list":["post-1132","page","type-page","status-publish","hentry"],"acf":[],"yoast_head":"<!-- This site is optimized with the Yoast SEO plugin v26.1 - https:\/\/yoast.com\/wordpress\/plugins\/seo\/ -->\n<title>Imprint - Gardenview 09<\/title>\n<meta name=\"robots\" content=\"index, follow, max-snippet:-1, max-image-preview:large, max-video-preview:-1\" \/>\n<link rel=\"canonical\" href=\"https:\/\/gardenview09.de\/en\/imprint\/\" \/>\n<meta property=\"og:locale\" content=\"en_US\" \/>\n<meta property=\"og:type\" content=\"article\" \/>\n<meta property=\"og:title\" content=\"Imprint - Gardenview 09\" \/>\n<meta property=\"og:description\" content=\"Imprint Imprint Stefan Schl\u00fcter Heckenweg 9 53639 K\u00f6nigswinter Contact us E-mail: Editorial responsibility Stefan Schl\u00fcter Photo Credit: Blick vom \u00d6lberg [&hellip;]\" \/>\n<meta property=\"og:url\" content=\"https:\/\/gardenview09.de\/en\/imprint\/\" \/>\n<meta property=\"og:site_name\" content=\"Gardenview 09\" \/>\n<meta property=\"article:modified_time\" content=\"2025-10-07T16:25:43+00:00\" \/>\n<meta name=\"twitter:card\" content=\"summary_large_image\" \/>\n<meta name=\"twitter:label1\" content=\"Est. reading time\" \/>\n\t<meta name=\"twitter:data1\" content=\"1 minute\" \/>\n<script type=\"application\/ld+json\" class=\"yoast-schema-graph\">{\"@context\":\"https:\/\/schema.org\",\"@graph\":[{\"@type\":\"WebPage\",\"@id\":\"https:\/\/gardenview09.de\/en\/imprint\/\",\"url\":\"https:\/\/gardenview09.de\/en\/imprint\/\",\"name\":\"Imprint - Gardenview 09\",\"isPartOf\":{\"@id\":\"https:\/\/gardenview09.de\/en\/#website\"},\"datePublished\":\"2025-06-25T12:23:25+00:00\",\"dateModified\":\"2025-10-07T16:25:43+00:00\",\"breadcrumb\":{\"@id\":\"https:\/\/gardenview09.de\/en\/imprint\/#breadcrumb\"},\"inLanguage\":\"en-US\",\"potentialAction\":[{\"@type\":\"ReadAction\",\"target\":[\"https:\/\/gardenview09.de\/en\/imprint\/\"]}]},{\"@type\":\"BreadcrumbList\",\"@id\":\"https:\/\/gardenview09.de\/en\/imprint\/#breadcrumb\",\"itemListElement\":[{\"@type\":\"ListItem\",\"position\":1,\"name\":\"Startseite\",\"item\":\"https:\/\/gardenview09.de\/en\/\"},{\"@type\":\"ListItem\",\"position\":2,\"name\":\"Imprint\"}]},{\"@type\":\"WebSite\",\"@id\":\"https:\/\/gardenview09.de\/en\/#website\",\"url\":\"https:\/\/gardenview09.de\/en\/\",\"name\":\"Gardenview 09\",\"description\":\"\",\"publisher\":{\"@id\":\"https:\/\/gardenview09.de\/en\/#organization\"},\"potentialAction\":[{\"@type\":\"SearchAction\",\"target\":{\"@type\":\"EntryPoint\",\"urlTemplate\":\"https:\/\/gardenview09.de\/en\/?s={search_term_string}\"},\"query-input\":{\"@type\":\"PropertyValueSpecification\",\"valueRequired\":true,\"valueName\":\"search_term_string\"}}],\"inLanguage\":\"en-US\"},{\"@type\":\"Organization\",\"@id\":\"https:\/\/gardenview09.de\/en\/#organization\",\"name\":\"Gardenview 09\",\"url\":\"https:\/\/gardenview09.de\/en\/\",\"logo\":{\"@type\":\"ImageObject\",\"inLanguage\":\"en-US\",\"@id\":\"https:\/\/gardenview09.de\/en\/#\/schema\/logo\/image\/\",\"url\":\"https:\/\/gardenview09.de\/wp-content\/uploads\/2025\/06\/gardenview-logo-crop.png\",\"contentUrl\":\"https:\/\/gardenview09.de\/wp-content\/uploads\/2025\/06\/gardenview-logo-crop.png\",\"width\":932,\"height\":287,\"caption\":\"Gardenview 09\"},\"image\":{\"@id\":\"https:\/\/gardenview09.de\/en\/#\/schema\/logo\/image\/\"}}]}<\/script>\n<!-- \/ Yoast SEO plugin. -->","yoast_head_json":{"title":"Imprint - Gardenview 09","robots":{"index":"index","follow":"follow","max-snippet":"max-snippet:-1","max-image-preview":"max-image-preview:large","max-video-preview":"max-video-preview:-1"},"canonical":"https:\/\/gardenview09.de\/en\/imprint\/","og_locale":"en_US","og_type":"article","og_title":"Imprint - Gardenview 09","og_description":"Imprint Imprint Stefan Schl\u00fcter Heckenweg 9 53639 K\u00f6nigswinter Contact us E-mail: Editorial responsibility Stefan Schl\u00fcter Photo Credit: Blick vom \u00d6lberg [&hellip;]","og_url":"https:\/\/gardenview09.de\/en\/imprint\/","og_site_name":"Gardenview 09","article_modified_time":"2025-10-07T16:25:43+00:00","twitter_card":"summary_large_image","twitter_misc":{"Est. reading time":"1 minute"},"schema":{"@context":"https:\/\/schema.org","@graph":[{"@type":"WebPage","@id":"https:\/\/gardenview09.de\/en\/imprint\/","url":"https:\/\/gardenview09.de\/en\/imprint\/","name":"Imprint - Gardenview 09","isPartOf":{"@id":"https:\/\/gardenview09.de\/en\/#website"},"datePublished":"2025-06-25T12:23:25+00:00","dateModified":"2025-10-07T16:25:43+00:00","breadcrumb":{"@id":"https:\/\/gardenview09.de\/en\/imprint\/#breadcrumb"},"inLanguage":"en-US","potentialAction":[{"@type":"ReadAction","target":["https:\/\/gardenview09.de\/en\/imprint\/"]}]},{"@type":"BreadcrumbList","@id":"https:\/\/gardenview09.de\/en\/imprint\/#breadcrumb","itemListElement":[{"@type":"ListItem","position":1,"name":"Startseite","item":"https:\/\/gardenview09.de\/en\/"},{"@type":"ListItem","position":2,"name":"Imprint"}]},{"@type":"WebSite","@id":"https:\/\/gardenview09.de\/en\/#website","url":"https:\/\/gardenview09.de\/en\/","name":"Gardenview 09","description":"","publisher":{"@id":"https:\/\/gardenview09.de\/en\/#organization"},"potentialAction":[{"@type":"SearchAction","target":{"@type":"EntryPoint","urlTemplate":"https:\/\/gardenview09.de\/en\/?s={search_term_string}"},"query-input":{"@type":"PropertyValueSpecification","valueRequired":true,"valueName":"search_term_string"}}],"inLanguage":"en-US"},{"@type":"Organization","@id":"https:\/\/gardenview09.de\/en\/#organization","name":"Gardenview 09","url":"https:\/\/gardenview09.de\/en\/","logo":{"@type":"ImageObject","inLanguage":"en-US","@id":"https:\/\/gardenview09.de\/en\/#\/schema\/logo\/image\/","url":"https:\/\/gardenview09.de\/wp-content\/uploads\/2025\/06\/gardenview-logo-crop.png","contentUrl":"https:\/\/gardenview09.de\/wp-content\/uploads\/2025\/06\/gardenview-logo-crop.png","width":932,"height":287,"caption":"Gardenview 09"},"image":{"@id":"https:\/\/gardenview09.de\/en\/#\/schema\/logo\/image\/"}}]}},"_links":{"self":[{"href":"https:\/\/gardenview09.de\/en\/wp-json\/wp\/v2\/pages\/1132","targetHints":{"allow":["GET"]}}],"collection":[{"href":"https:\/\/gardenview09.de\/en\/wp-json\/wp\/v2\/pages"}],"about":[{"href":"https:\/\/gardenview09.de\/en\/wp-json\/wp\/v2\/types\/page"}],"author":[{"embeddable":true,"href":"https:\/\/gardenview09.de\/en\/wp-json\/wp\/v2\/users\/2"}],"replies":[{"embeddable":true,"href":"https:\/\/gardenview09.de\/en\/wp-json\/wp\/v2\/comments?post=1132"}],"version-history":[{"count":10,"href":"https:\/\/gardenview09.de\/en\/wp-json\/wp\/v2\/pages\/1132\/revisions"}],"predecessor-version":[{"id":1363,"href":"https:\/\/gardenview09.de\/en\/wp-json\/wp\/v2\/pages\/1132\/revisions\/1363"}],"wp:attachment":[{"href":"https:\/\/gardenview09.de\/en\/wp-json\/wp\/v2\/media?parent=1132"}],"curies":[{"name":"wp","href":"https:\/\/api.w.org\/{rel}","templated":true}]}}